{"id":9067,"date":"2025-06-07T05:25:25","date_gmt":"2025-06-07T05:25:25","guid":{"rendered":"https:\/\/campingmaisonneuve.com\/?page_id=9067\/"},"modified":"2025-06-07T06:01:47","modified_gmt":"2025-06-07T06:01:47","slug":"quand-il-pleut-que-faire-quand-il-pleut-en-perigord-noir-2","status":"publish","type":"page","link":"https:\/\/campingmaisonneuve.com\/de\/quand-il-pleut-que-faire-quand-il-pleut-en-perigord-noir-2\/","title":{"rendered":"Wenn es regnet was tun, wenn es im P\u00e9rigord Noir regnet?"},"content":{"rendered":"\t\t<div data-elementor-type=\"wp-page\" data-elementor-id=\"9067\" class=\"elementor elementor-9067\" data-elementor-post-type=\"page\">\n\t\t\t\t\t\t\t\t\t<section class=\"elementor-section elementor-top-section elementor-element elementor-element-1954ffc elementor-section-boxed elementor-section-gap-beside-yes elementor-section-height-default elementor-section-height-default elementor-section-column-vertical-align-stretch\" data-id=\"1954ffc\" data-element_type=\"section\">\n\t\t\t\t\t\t<div class=\"elementor-container elementor-column-gap-extended\">\n\t\t\t\t\t<div class=\"elementor-column elementor-col-100 elementor-top-column elementor-element elementor-element-86aebc5\" data-id=\"86aebc5\" data-element_type=\"column\">\n\t\t\t<div class=\"elementor-widget-wrap elementor-element-populated\">\n\t\t\t\t\t\t\t\t<div class=\"elementor-element elementor-element-11803d1 elementor-widget__width-initial elementor-invisible elementor-widget elementor-widget-text-editor\" data-id=\"11803d1\" data-element_type=\"widget\" data-settings=\"{&quot;_animation&quot;:&quot;nussFadeInUp&quot;}\" data-widget_type=\"text-editor.default\">\n\t\t\t\t<div class=\"elementor-widget-container\">\n\t\t\t<style>\/*! elementor - v3.18.0 - 20-12-2023 *\/\n.elementor-widget-text-editor.elementor-drop-cap-view-stacked .elementor-drop-cap{background-color:#69727d;color:#fff}.elementor-widget-text-editor.elementor-drop-cap-view-framed .elementor-drop-cap{color:#69727d;border:3px solid;background-color:transparent}.elementor-widget-text-editor:not(.elementor-drop-cap-view-default) .elementor-drop-cap{margin-top:8px}.elementor-widget-text-editor:not(.elementor-drop-cap-view-default) .elementor-drop-cap-letter{width:1em;height:1em}.elementor-widget-text-editor .elementor-drop-cap{float:left;text-align:center;line-height:1;font-size:50px}.elementor-widget-text-editor .elementor-drop-cap-letter{display:inline-block}<\/style>\t\t\t\t<h3>Unsere besten Ideen rund um Camping Maisonneuve<\/h3>\t\t\t\t\t\t<\/div>\n\t\t\t\t<\/div>\n\t\t\t\t<div class=\"elementor-element elementor-element-03f00bd elementor-widget elementor-widget-heading\" data-id=\"03f00bd\" data-element_type=\"widget\" data-widget_type=\"heading.default\">\n\t\t\t\t<div class=\"elementor-widget-container\">\n\t\t\t<style>\/*! elementor - v3.18.0 - 20-12-2023 *\/\n.elementor-heading-title{padding:0;margin:0;line-height:1}.elementor-widget-heading .elementor-heading-title[class*=elementor-size-]>a{color:inherit;font-size:inherit;line-height:inherit}.elementor-widget-heading .elementor-heading-title.elementor-size-small{font-size:15px}.elementor-widget-heading .elementor-heading-title.elementor-size-medium{font-size:19px}.elementor-widget-heading .elementor-heading-title.elementor-size-large{font-size:29px}.elementor-widget-heading .elementor-heading-title.elementor-size-xl{font-size:39px}.elementor-widget-heading .elementor-heading-title.elementor-size-xxl{font-size:59px}<\/style><p class=\"elementor-heading-title elementor-size-default\"> <p>Im Herzen des P\u00e9rigord Noir ist Regen kein Grund zur Sorge \u2013 im Gegenteil: \n    er offenbart eine andere, geheimnisvolle Seite dieser faszinierenden Region. \n    Wenn du auf <strong>Camping Maisonneuve<\/strong> \u00fcbernachtest und es regnet, keine Panik: \n    spektakul\u00e4re H\u00f6hlen, historische Schl\u00f6sser, spannende Museen und gem\u00fctliche Momente auf dem Campingplatz erwarten dich. <\/p><\/p>\t\t<\/div>\n\t\t\t\t<\/div>\n\t\t\t\t\t<\/div>\n\t\t<\/div>\n\t\t\t\t\t\t\t<\/div>\n\t\t<\/section>\n\t\t\t\t<section class=\"elementor-section elementor-top-section elementor-element elementor-element-b2344ff elementor-section-gap-beside-no elementor-section-boxed elementor-section-height-default elementor-section-height-default elementor-section-column-vertical-align-stretch\" data-id=\"b2344ff\" data-element_type=\"section\">\n\t\t\t\t\t\t<div class=\"elementor-container elementor-column-gap-extended\">\n\t\t\t\t\t<div class=\"elementor-column elementor-col-50 elementor-top-column elementor-element elementor-element-4698ec8\" data-id=\"4698ec8\" data-element_type=\"column\">\n\t\t\t<div class=\"elementor-widget-wrap elementor-element-populated\">\n\t\t\t\t\t\t\t\t<div class=\"elementor-element elementor-element-88e5290 elementor-invisible nuss-elementor-loading nuss-slide-in-right elementor-widget elementor-widget-image\" data-id=\"88e5290\" data-element_type=\"widget\" data-settings=\"{&quot;_animation&quot;:&quot;nussSlideInRight&quot;}\" data-widget_type=\"image.default\">\n\t\t\t\t<div class=\"elementor-widget-container\">\n\t\t\t<style>\/*! elementor - v3.18.0 - 20-12-2023 *\/\n.elementor-widget-image{text-align:center}.elementor-widget-image a{display:inline-block}.elementor-widget-image a img[src$=\".svg\"]{width:48px}.elementor-widget-image img{vertical-align:middle;display:inline-block}<\/style>\t\t\t\t\t\t\t\t\t\t\t\t<img fetchpriority=\"high\" decoding=\"async\" width=\"640\" height=\"480\" src=\"https:\/\/campingmaisonneuve.com\/60ans\/wp-content\/uploads\/2025\/06\/img6-11.jpg\" class=\"attachment-full size-full wp-image-9017\" alt=\"\" srcset=\"https:\/\/campingmaisonneuve.com\/60ans\/wp-content\/uploads\/2025\/06\/img6-11.jpg 640w, https:\/\/campingmaisonneuve.com\/60ans\/wp-content\/uploads\/2025\/06\/img6-11-300x225.jpg 300w\" sizes=\"(max-width: 640px) 100vw, 640px\" \/>\t\t\t\t\t\t\t\t\t\t\t\t\t\t\t<\/div>\n\t\t\t\t<\/div>\n\t\t\t\t\t<\/div>\n\t\t<\/div>\n\t\t\t\t<div class=\"elementor-column elementor-col-50 elementor-top-column elementor-element elementor-element-4b9e677\" data-id=\"4b9e677\" data-element_type=\"column\">\n\t\t\t<div class=\"elementor-widget-wrap elementor-element-populated\">\n\t\t\t\t\t\t\t\t<div class=\"elementor-element elementor-element-f222aa6 elementor-invisible elementor-widget elementor-widget-nuss-heading\" data-id=\"f222aa6\" data-element_type=\"widget\" data-settings=\"{&quot;_animation&quot;:&quot;nussFadeInUp&quot;}\" data-widget_type=\"nuss-heading.default\">\n\t\t\t\t<div class=\"elementor-widget-container\">\n\t\t\t\t\t<div class=\"nuss-modern-heading\">\n\t\t\t\n\t\t\t\t\t<div class=\"heading-primary-wrap\">\n\t\t\t<span class=\"heading-primary elementor-heading-title\">Zauberhafte H\u00f6hlen zum Staunen \u2013<\/span>\t\t<\/div>\n\t\t\n\t\t\t\n\t\t\t\t\t<\/div>\n\t\t\t\t<\/div>\n\t\t\t\t<\/div>\n\t\t\t\t<div class=\"elementor-element elementor-element-fd82a54 elementor-invisible elementor-widget elementor-widget-heading\" data-id=\"fd82a54\" data-element_type=\"widget\" data-settings=\"{&quot;_animation&quot;:&quot;nussFadeInUp&quot;}\" data-widget_type=\"heading.default\">\n\t\t\t\t<div class=\"elementor-widget-container\">\n\t\t\t<h3 class=\"elementor-heading-title elementor-size-default\">und im Trockenen<\/h3>\t\t<\/div>\n\t\t\t\t<\/div>\n\t\t\t\t<div class=\"elementor-element elementor-element-bc0b7e2 elementor-invisible elementor-widget elementor-widget-text-editor\" data-id=\"bc0b7e2\" data-element_type=\"widget\" data-settings=\"{&quot;_animation&quot;:&quot;nussFadeInUp&quot;}\" data-widget_type=\"text-editor.default\">\n\t\t\t\t<div class=\"elementor-widget-container\">\n\t\t\t\t\t\t\t<p>Eine perfekte Aktivit\u00e4t f\u00fcr Regentage ist der Besuch von H\u00f6hlen. Nur 25 Minuten entfernt liegt der <strong>Gouffre de Proumeyssac<\/strong>, die \u201eKristallkathedrale\u201c \u2013 eine riesige H\u00f6hle mit beeindruckenden Tropfsteinformationen und stimmungsvoller Beleuchtung. Eine optionale Panoramafahrt mit einer Gondel verleiht dem Ganzen eine abenteuerliche Note.<\/p><p>In Montignac (35 Min.) bietet <strong>Lascaux IV<\/strong> eine faszinierende Zeitreise durch die pr\u00e4historische Kunst mit moderner Technik.<\/p><p>Weitere unterirdische Entdeckung gef\u00e4llig? Die <strong>H\u00f6hlen von Domme<\/strong> befinden sich direkt unter den charmanten Stra\u00dfen des Ortes \u2013 nur 15 Minuten vom Campingplatz entfernt.<\/p>\t\t\t\t\t\t<\/div>\n\t\t\t\t<\/div>\n\t\t\t\t\t<\/div>\n\t\t<\/div>\n\t\t\t\t\t\t\t<\/div>\n\t\t<\/section>\n\t\t\t\t<section class=\"elementor-section elementor-top-section elementor-element elementor-element-575fc68 elementor-section-gap-beside-no elementor-section-boxed elementor-section-height-default elementor-section-height-default elementor-section-column-vertical-align-stretch\" data-id=\"575fc68\" data-element_type=\"section\">\n\t\t\t\t\t\t<div class=\"elementor-container elementor-column-gap-extended\">\n\t\t\t\t\t<div class=\"elementor-column elementor-col-50 elementor-top-column elementor-element elementor-element-dd03a56\" data-id=\"dd03a56\" data-element_type=\"column\">\n\t\t\t<div class=\"elementor-widget-wrap elementor-element-populated\">\n\t\t\t\t\t\t\t\t<div class=\"elementor-element elementor-element-78ab5be elementor-invisible nuss-elementor-loading nuss-slide-in-right elementor-widget elementor-widget-image\" data-id=\"78ab5be\" data-element_type=\"widget\" data-settings=\"{&quot;_animation&quot;:&quot;nussSlideInRight&quot;}\" data-widget_type=\"image.default\">\n\t\t\t\t<div class=\"elementor-widget-container\">\n\t\t\t\t\t\t\t\t\t\t\t\t\t\t\t<img decoding=\"async\" width=\"1845\" height=\"1229\" src=\"https:\/\/campingmaisonneuve.com\/60ans\/wp-content\/uploads\/2025\/06\/2048.jpg\" class=\"attachment-full size-full wp-image-9012\" alt=\"\" srcset=\"https:\/\/campingmaisonneuve.com\/60ans\/wp-content\/uploads\/2025\/06\/2048.jpg 1845w, https:\/\/campingmaisonneuve.com\/60ans\/wp-content\/uploads\/2025\/06\/2048-300x200.jpg 300w, https:\/\/campingmaisonneuve.com\/60ans\/wp-content\/uploads\/2025\/06\/2048-1024x682.jpg 1024w, https:\/\/campingmaisonneuve.com\/60ans\/wp-content\/uploads\/2025\/06\/2048-768x512.jpg 768w, https:\/\/campingmaisonneuve.com\/60ans\/wp-content\/uploads\/2025\/06\/2048-1536x1023.jpg 1536w\" sizes=\"(max-width: 1845px) 100vw, 1845px\" \/>\t\t\t\t\t\t\t\t\t\t\t\t\t\t\t<\/div>\n\t\t\t\t<\/div>\n\t\t\t\t\t<\/div>\n\t\t<\/div>\n\t\t\t\t<div class=\"elementor-column elementor-col-50 elementor-top-column elementor-element elementor-element-364a6b2\" data-id=\"364a6b2\" data-element_type=\"column\">\n\t\t\t<div class=\"elementor-widget-wrap elementor-element-populated\">\n\t\t\t\t\t\t\t\t<div class=\"elementor-element elementor-element-f9f80f6 elementor-invisible elementor-widget elementor-widget-nuss-heading\" data-id=\"f9f80f6\" data-element_type=\"widget\" data-settings=\"{&quot;_animation&quot;:&quot;nussFadeInUp&quot;}\" data-widget_type=\"nuss-heading.default\">\n\t\t\t\t<div class=\"elementor-widget-container\">\n\t\t\t\t\t<div class=\"nuss-modern-heading\">\n\t\t\t\n\t\t\t\t\t<div class=\"heading-primary-wrap\">\n\t\t\t<span class=\"heading-primary elementor-heading-title\">Schl\u00f6sser f\u00fcr Zeitreisen \u2013<\/span>\t\t<\/div>\n\t\t\n\t\t\t\n\t\t\t\t\t<\/div>\n\t\t\t\t<\/div>\n\t\t\t\t<\/div>\n\t\t\t\t<div class=\"elementor-element elementor-element-e60cb65 elementor-invisible elementor-widget elementor-widget-heading\" data-id=\"e60cb65\" data-element_type=\"widget\" data-settings=\"{&quot;_animation&quot;:&quot;nussFadeInUp&quot;}\" data-widget_type=\"heading.default\">\n\t\t\t\t<div class=\"elementor-widget-container\">\n\t\t\t<h3 class=\"elementor-heading-title elementor-size-default\">bei Sonne oder Regen<\/h3>\t\t<\/div>\n\t\t\t\t<\/div>\n\t\t\t\t<div class=\"elementor-element elementor-element-ccbb94d elementor-invisible elementor-widget elementor-widget-text-editor\" data-id=\"ccbb94d\" data-element_type=\"widget\" data-settings=\"{&quot;_animation&quot;:&quot;nussFadeInUp&quot;}\" data-widget_type=\"text-editor.default\">\n\t\t\t\t<div class=\"elementor-widget-container\">\n\t\t\t\t\t\t\t<p>Auch bei Regen bleiben die Schl\u00f6sser des P\u00e9rigord Noir beeindruckend. Ganz in der N\u00e4he liegt das <strong>Schloss Castelnaud-la-Chapelle<\/strong>, das dich direkt ins Mittelalter entf\u00fchrt.<\/p><p>Nur 10 Autominuten entfernt: das <strong>Schloss Les Milandes<\/strong>, ehemaliger Wohnsitz von Jos\u00e9phine Baker \u2013 elegant und geschichtstr\u00e4chtig.<\/p><p>F\u00fcr eine rauere Atmosph\u00e4re: das <strong>Schloss Beynac<\/strong> mit dicken Mauern, atemberaubendem Ausblick und viel Geschichte.<\/p>\t\t\t\t\t\t<\/div>\n\t\t\t\t<\/div>\n\t\t\t\t\t<\/div>\n\t\t<\/div>\n\t\t\t\t\t\t\t<\/div>\n\t\t<\/section>\n\t\t\t\t<section class=\"elementor-section elementor-top-section elementor-element elementor-element-53f6bc9 elementor-section-gap-beside-no elementor-section-boxed elementor-section-height-default elementor-section-height-default elementor-section-column-vertical-align-stretch\" data-id=\"53f6bc9\" data-element_type=\"section\">\n\t\t\t\t\t\t<div class=\"elementor-container elementor-column-gap-extended\">\n\t\t\t\t\t<div class=\"elementor-column elementor-col-50 elementor-top-column elementor-element elementor-element-aabc499\" data-id=\"aabc499\" data-element_type=\"column\">\n\t\t\t<div class=\"elementor-widget-wrap elementor-element-populated\">\n\t\t\t\t\t\t\t\t<div class=\"elementor-element elementor-element-bde7378 elementor-invisible nuss-elementor-loading nuss-slide-in-right elementor-widget elementor-widget-image\" data-id=\"bde7378\" data-element_type=\"widget\" data-settings=\"{&quot;_animation&quot;:&quot;nussSlideInRight&quot;}\" data-widget_type=\"image.default\">\n\t\t\t\t<div class=\"elementor-widget-container\">\n\t\t\t\t\t\t\t\t\t\t\t\t\t\t\t<img decoding=\"async\" width=\"1920\" height=\"1080\" src=\"https:\/\/campingmaisonneuve.com\/60ans\/wp-content\/uploads\/2025\/06\/pcu-musee-national-de-prehistoire-les-eyzies-aout22a-agence-urope-8-1920x1080-f50_50.webp\" class=\"attachment-full size-full wp-image-9022\" alt=\"\" srcset=\"https:\/\/campingmaisonneuve.com\/60ans\/wp-content\/uploads\/2025\/06\/pcu-musee-national-de-prehistoire-les-eyzies-aout22a-agence-urope-8-1920x1080-f50_50.webp 1920w, https:\/\/campingmaisonneuve.com\/60ans\/wp-content\/uploads\/2025\/06\/pcu-musee-national-de-prehistoire-les-eyzies-aout22a-agence-urope-8-1920x1080-f50_50-300x169.webp 300w, https:\/\/campingmaisonneuve.com\/60ans\/wp-content\/uploads\/2025\/06\/pcu-musee-national-de-prehistoire-les-eyzies-aout22a-agence-urope-8-1920x1080-f50_50-1024x576.webp 1024w, https:\/\/campingmaisonneuve.com\/60ans\/wp-content\/uploads\/2025\/06\/pcu-musee-national-de-prehistoire-les-eyzies-aout22a-agence-urope-8-1920x1080-f50_50-768x432.webp 768w, https:\/\/campingmaisonneuve.com\/60ans\/wp-content\/uploads\/2025\/06\/pcu-musee-national-de-prehistoire-les-eyzies-aout22a-agence-urope-8-1920x1080-f50_50-1536x864.webp 1536w\" sizes=\"(max-width: 1920px) 100vw, 1920px\" \/>\t\t\t\t\t\t\t\t\t\t\t\t\t\t\t<\/div>\n\t\t\t\t<\/div>\n\t\t\t\t\t<\/div>\n\t\t<\/div>\n\t\t\t\t<div class=\"elementor-column elementor-col-50 elementor-top-column elementor-element elementor-element-d0cd261\" data-id=\"d0cd261\" data-element_type=\"column\">\n\t\t\t<div class=\"elementor-widget-wrap elementor-element-populated\">\n\t\t\t\t\t\t\t\t<div class=\"elementor-element elementor-element-cecc7b4 elementor-invisible elementor-widget elementor-widget-nuss-heading\" data-id=\"cecc7b4\" data-element_type=\"widget\" data-settings=\"{&quot;_animation&quot;:&quot;nussFadeInUp&quot;}\" data-widget_type=\"nuss-heading.default\">\n\t\t\t\t<div class=\"elementor-widget-container\">\n\t\t\t\t\t<div class=\"nuss-modern-heading\">\n\t\t\t\n\t\t\t\t\t<div class=\"heading-primary-wrap\">\n\t\t\t<span class=\"heading-primary elementor-heading-title\">Spannende Museen<\/span>\t\t<\/div>\n\t\t\n\t\t\t\n\t\t\t\t\t<\/div>\n\t\t\t\t<\/div>\n\t\t\t\t<\/div>\n\t\t\t\t<div class=\"elementor-element elementor-element-1106c74 elementor-invisible elementor-widget elementor-widget-heading\" data-id=\"1106c74\" data-element_type=\"widget\" data-settings=\"{&quot;_animation&quot;:&quot;nussFadeInUp&quot;}\" data-widget_type=\"heading.default\">\n\t\t\t\t<div class=\"elementor-widget-container\">\n\t\t\t<h3 class=\"elementor-heading-title elementor-size-default\">f\u00fcr Wissbegierige<\/h3>\t\t<\/div>\n\t\t\t\t<\/div>\n\t\t\t\t<div class=\"elementor-element elementor-element-558324d elementor-invisible elementor-widget elementor-widget-text-editor\" data-id=\"558324d\" data-element_type=\"widget\" data-settings=\"{&quot;_animation&quot;:&quot;nussFadeInUp&quot;}\" data-widget_type=\"text-editor.default\">\n\t\t\t\t<div class=\"elementor-widget-container\">\n\t\t\t\t\t\t\t<p>Grau am Himmel? Perfekt f\u00fcr einen Museumsbesuch. Das <strong>Nationalmuseum f\u00fcr Vorgeschichte<\/strong> in Les Eyzies zeigt faszinierende Funde aus der Region.<\/p><p>In der N\u00e4he findest du das <strong>Internationale Zentrum f\u00fcr Vorgeschichte<\/strong>, das kostenlos zug\u00e4nglich ist \u2013 ideal f\u00fcr Familien.<\/p><p>In Castelnaud-la-Chapelle lohnt sich ein Besuch im <strong>Walnuss-\u00d6komuseum<\/strong> mit interaktiven Ausstellungen und leckeren Kostproben.<\/p>\t\t\t\t\t\t<\/div>\n\t\t\t\t<\/div>\n\t\t\t\t\t<\/div>\n\t\t<\/div>\n\t\t\t\t\t\t\t<\/div>\n\t\t<\/section>\n\t\t\t\t<section class=\"elementor-section elementor-top-section elementor-element elementor-element-9021703 elementor-section-gap-beside-no elementor-section-boxed elementor-section-height-default elementor-section-height-default elementor-section-column-vertical-align-stretch\" data-id=\"9021703\" data-element_type=\"section\">\n\t\t\t\t\t\t<div class=\"elementor-container elementor-column-gap-extended\">\n\t\t\t\t\t<div class=\"elementor-column elementor-col-50 elementor-top-column elementor-element elementor-element-9335b1d\" data-id=\"9335b1d\" data-element_type=\"column\">\n\t\t\t<div class=\"elementor-widget-wrap elementor-element-populated\">\n\t\t\t\t\t\t\t\t<div class=\"elementor-element elementor-element-0987e37 elementor-invisible nuss-elementor-loading nuss-slide-in-right elementor-widget elementor-widget-image\" data-id=\"0987e37\" data-element_type=\"widget\" data-settings=\"{&quot;_animation&quot;:&quot;nussSlideInRight&quot;}\" data-widget_type=\"image.default\">\n\t\t\t\t<div class=\"elementor-widget-container\">\n\t\t\t\t\t\t\t\t\t\t\t\t\t\t\t<img loading=\"lazy\" decoding=\"async\" width=\"1408\" height=\"640\" src=\"https:\/\/campingmaisonneuve.com\/60ans\/wp-content\/uploads\/2025\/06\/20250605_0051_image.png\" class=\"attachment-full size-full wp-image-9027\" alt=\"\" srcset=\"https:\/\/campingmaisonneuve.com\/60ans\/wp-content\/uploads\/2025\/06\/20250605_0051_image.png 1408w, https:\/\/campingmaisonneuve.com\/60ans\/wp-content\/uploads\/2025\/06\/20250605_0051_image-300x136.png 300w, https:\/\/campingmaisonneuve.com\/60ans\/wp-content\/uploads\/2025\/06\/20250605_0051_image-1024x465.png 1024w, https:\/\/campingmaisonneuve.com\/60ans\/wp-content\/uploads\/2025\/06\/20250605_0051_image-768x349.png 768w\" sizes=\"(max-width: 1408px) 100vw, 1408px\" \/>\t\t\t\t\t\t\t\t\t\t\t\t\t\t\t<\/div>\n\t\t\t\t<\/div>\n\t\t\t\t\t<\/div>\n\t\t<\/div>\n\t\t\t\t<div class=\"elementor-column elementor-col-50 elementor-top-column elementor-element elementor-element-5e304ff\" data-id=\"5e304ff\" data-element_type=\"column\">\n\t\t\t<div class=\"elementor-widget-wrap elementor-element-populated\">\n\t\t\t\t\t\t\t\t<div class=\"elementor-element elementor-element-5897a23 elementor-invisible elementor-widget elementor-widget-nuss-heading\" data-id=\"5897a23\" data-element_type=\"widget\" data-settings=\"{&quot;_animation&quot;:&quot;nussFadeInUp&quot;}\" data-widget_type=\"nuss-heading.default\">\n\t\t\t\t<div class=\"elementor-widget-container\">\n\t\t\t\t\t<div class=\"nuss-modern-heading\">\n\t\t\t\n\t\t\t\t\t<div class=\"heading-primary-wrap\">\n\t\t\t<span class=\"heading-primary elementor-heading-title\">Und was tun wir auf dem Campingplatz,<\/span>\t\t<\/div>\n\t\t\n\t\t\t\n\t\t\t\t\t<\/div>\n\t\t\t\t<\/div>\n\t\t\t\t<\/div>\n\t\t\t\t<div class=\"elementor-element elementor-element-c7f13ea elementor-invisible elementor-widget elementor-widget-heading\" data-id=\"c7f13ea\" data-element_type=\"widget\" data-settings=\"{&quot;_animation&quot;:&quot;nussFadeInUp&quot;}\" data-widget_type=\"heading.default\">\n\t\t\t\t<div class=\"elementor-widget-container\">\n\t\t\t<h3 class=\"elementor-heading-title elementor-size-default\">wenn es regnet?<\/h3>\t\t<\/div>\n\t\t\t\t<\/div>\n\t\t\t\t<div class=\"elementor-element elementor-element-607379a elementor-invisible elementor-widget elementor-widget-text-editor\" data-id=\"607379a\" data-element_type=\"widget\" data-settings=\"{&quot;_animation&quot;:&quot;nussFadeInUp&quot;}\" data-widget_type=\"text-editor.default\">\n\t\t\t\t<div class=\"elementor-widget-container\">\n\t\t\t\t\t\t\t<p>Auch der Campingplatz wird zur Wohlf\u00fchloase: In unserem Gemeinschaftsbereich findest du B\u00fccher, und an der Snackbar kannst du Brettspiele ausleihen. Oder genie\u00dfe einfach einen warmen Tee, kuschelige Kleidung und das beruhigende Prasseln des Regens&#8230;<\/p>\t\t\t\t\t\t<\/div>\n\t\t\t\t<\/div>\n\t\t\t\t\t<\/div>\n\t\t<\/div>\n\t\t\t\t\t\t\t<\/div>\n\t\t<\/section>\n\t\t\t\t<section class=\"elementor-section elementor-top-section elementor-element elementor-element-569e251 elementor-section-stretched elementor-section-boxed elementor-section-gap-beside-yes elementor-section-height-default elementor-section-height-default elementor-section-column-vertical-align-stretch\" data-id=\"569e251\" data-element_type=\"section\" data-settings=\"{&quot;stretch_section&quot;:&quot;section-stretched&quot;,&quot;background_background&quot;:&quot;classic&quot;}\">\n\t\t\t\t\t\t<div class=\"elementor-container elementor-column-gap-extended\">\n\t\t\t\t\t<div class=\"elementor-column elementor-col-33 elementor-top-column elementor-element elementor-element-c24a1db\" data-id=\"c24a1db\" data-element_type=\"column\">\n\t\t\t<div class=\"elementor-widget-wrap elementor-element-populated\">\n\t\t\t\t\t\t\t\t<div class=\"elementor-element elementor-element-e42a725 elementor-widget__width-initial elementor-widget-mobile__width-initial elementor-widget elementor-widget-image\" data-id=\"e42a725\" data-element_type=\"widget\" data-widget_type=\"image.default\">\n\t\t\t\t<div class=\"elementor-widget-container\">\n\t\t\t\t\t\t\t\t\t\t\t\t\t\t\t<img loading=\"lazy\" decoding=\"async\" width=\"270\" height=\"262\" src=\"https:\/\/campingmaisonneuve.com\/60ans\/wp-content\/uploads\/2021\/06\/logos-camping-maisonneuve-footer1.png\" class=\"attachment-large size-large wp-image-5477\" alt=\"\" \/>\t\t\t\t\t\t\t\t\t\t\t\t\t\t\t<\/div>\n\t\t\t\t<\/div>\n\t\t\t\t\t<\/div>\n\t\t<\/div>\n\t\t\t\t<div class=\"elementor-column elementor-col-66 elementor-top-column elementor-element elementor-element-ce4b021\" data-id=\"ce4b021\" data-element_type=\"column\">\n\t\t\t<div class=\"elementor-widget-wrap elementor-element-populated\">\n\t\t\t\t\t\t\t\t<div class=\"elementor-element elementor-element-1645920 elementor-invisible elementor-widget elementor-widget-heading\" data-id=\"1645920\" data-element_type=\"widget\" data-settings=\"{&quot;_animation&quot;:&quot;nussFadeInUp&quot;}\" data-widget_type=\"heading.default\">\n\t\t\t\t<div class=\"elementor-widget-container\">\n\t\t\t<h3 class=\"elementor-heading-title elementor-size-default\">Fazit\u2026<\/h3>\t\t<\/div>\n\t\t\t\t<\/div>\n\t\t\t\t<div class=\"elementor-element elementor-element-597c927 elementor-widget__width-initial elementor-hidden-tablet elementor-hidden-mobile elementor-invisible elementor-widget elementor-widget-text-editor\" data-id=\"597c927\" data-element_type=\"widget\" data-settings=\"{&quot;_animation&quot;:&quot;nussFadeInUp&quot;}\" data-widget_type=\"text-editor.default\">\n\t\t\t\t<div class=\"elementor-widget-container\">\n\t\t\t\t\t\t\t<div class=\"e-con-inner\">\n<div class=\"elementor-element elementor-element-c573fa8 elementor-widget elementor-widget-html\" data-id=\"c573fa8\" data-element_type=\"widget\" data-widget_type=\"html.default\">\n<div class=\"elementor-widget-container\">\n\n<span style=\"color: #ffffff;\">Regen im P\u00e9rigord Noir ist kein Hindernis \u2013 sondern eine Einladung zu verborgenen Sch\u00e4tzen, geschichtstr\u00e4chtigen Orten und gem\u00fctlichen Momenten auf Camping Maisonneuve.<\/span>\n\n<\/div>\n<\/div>\n<\/div>\t\t\t\t\t\t<\/div>\n\t\t\t\t<\/div>\n\t\t\t\t\t<\/div>\n\t\t<\/div>\n\t\t\t\t\t\t\t<\/div>\n\t\t<\/section>\n\t\t\t\t\t\t\t<\/div>\n\t\t","protected":false},"excerpt":{"rendered":"<p>Unsere besten Ideen rund um Camping Maisonneuve Im Herzen des P\u00e9rigord Noir ist Regen kein Grund zur Sorge \u2013 im Gegenteil: er offenbart eine andere, geheimnisvolle Seite dieser faszinierenden Region. Wenn du auf Camping Maisonneuve \u00fcbernachtest und es regnet, keine Panik: spektakul\u00e4re H\u00f6hlen, historische Schl\u00f6sser, spannende Museen und gem\u00fctliche Momente auf dem Campingplatz erwarten dich. [&hellip;]<\/p>\n","protected":false},"author":1,"featured_media":0,"parent":0,"menu_order":0,"comment_status":"closed","ping_status":"closed","template":"","meta":{"footnotes":""},"class_list":["post-9067","page","type-page","status-publish","hentry","post-no-thumbnail"],"_links":{"self":[{"href":"https:\/\/campingmaisonneuve.com\/de\/wp-json\/wp\/v2\/pages\/9067","targetHints":{"allow":["GET"]}}],"collection":[{"href":"https:\/\/campingmaisonneuve.com\/de\/wp-json\/wp\/v2\/pages"}],"about":[{"href":"https:\/\/campingmaisonneuve.com\/de\/wp-json\/wp\/v2\/types\/page"}],"author":[{"embeddable":true,"href":"https:\/\/campingmaisonneuve.com\/de\/wp-json\/wp\/v2\/users\/1"}],"replies":[{"embeddable":true,"href":"https:\/\/campingmaisonneuve.com\/de\/wp-json\/wp\/v2\/comments?post=9067"}],"version-history":[{"count":12,"href":"https:\/\/campingmaisonneuve.com\/de\/wp-json\/wp\/v2\/pages\/9067\/revisions"}],"predecessor-version":[{"id":9104,"href":"https:\/\/campingmaisonneuve.com\/de\/wp-json\/wp\/v2\/pages\/9067\/revisions\/9104"}],"wp:attachment":[{"href":"https:\/\/campingmaisonneuve.com\/de\/wp-json\/wp\/v2\/media?parent=9067"}],"curies":[{"name":"wp","href":"https:\/\/api.w.org\/{rel}","templated":true}]}}