{"id":9068,"date":"2025-06-07T05:39:36","date_gmt":"2025-06-07T05:39:36","guid":{"rendered":"https:\/\/campingmaisonneuve.com\/?page_id=9068\/"},"modified":"2025-06-07T06:01:31","modified_gmt":"2025-06-07T06:01:31","slug":"que-hacer-cuando-llueve-en-el-perigord-negro","status":"publish","type":"page","link":"https:\/\/campingmaisonneuve.com\/es\/que-hacer-cuando-llueve-en-el-perigord-negro\/","title":{"rendered":"\u00bfQu\u00e9 hacer cuando llueve en el P\u00e9rigord Negro?"},"content":{"rendered":"\t\t<div data-elementor-type=\"wp-page\" data-elementor-id=\"9068\" class=\"elementor elementor-9068\" data-elementor-post-type=\"page\">\n\t\t\t\t\t\t\t\t\t<section class=\"elementor-section elementor-top-section elementor-element elementor-element-1954ffc elementor-section-boxed elementor-section-gap-beside-yes elementor-section-height-default elementor-section-height-default elementor-section-column-vertical-align-stretch\" data-id=\"1954ffc\" data-element_type=\"section\">\n\t\t\t\t\t\t<div class=\"elementor-container elementor-column-gap-extended\">\n\t\t\t\t\t<div class=\"elementor-column elementor-col-100 elementor-top-column elementor-element elementor-element-86aebc5\" data-id=\"86aebc5\" data-element_type=\"column\">\n\t\t\t<div class=\"elementor-widget-wrap elementor-element-populated\">\n\t\t\t\t\t\t\t\t<div class=\"elementor-element elementor-element-11803d1 elementor-widget__width-initial elementor-invisible elementor-widget elementor-widget-text-editor\" data-id=\"11803d1\" data-element_type=\"widget\" data-settings=\"{&quot;_animation&quot;:&quot;nussFadeInUp&quot;}\" data-widget_type=\"text-editor.default\">\n\t\t\t\t<div class=\"elementor-widget-container\">\n\t\t\t<style>\/*! elementor - v3.18.0 - 20-12-2023 *\/\n.elementor-widget-text-editor.elementor-drop-cap-view-stacked .elementor-drop-cap{background-color:#69727d;color:#fff}.elementor-widget-text-editor.elementor-drop-cap-view-framed .elementor-drop-cap{color:#69727d;border:3px solid;background-color:transparent}.elementor-widget-text-editor:not(.elementor-drop-cap-view-default) .elementor-drop-cap{margin-top:8px}.elementor-widget-text-editor:not(.elementor-drop-cap-view-default) .elementor-drop-cap-letter{width:1em;height:1em}.elementor-widget-text-editor .elementor-drop-cap{float:left;text-align:center;line-height:1;font-size:50px}.elementor-widget-text-editor .elementor-drop-cap-letter{display:inline-block}<\/style>\t\t\t\t<h3>Nuestras mejores ideas cerca del Camping Maisonneuve<\/h3>\t\t\t\t\t\t<\/div>\n\t\t\t\t<\/div>\n\t\t\t\t<div class=\"elementor-element elementor-element-03f00bd elementor-widget elementor-widget-heading\" data-id=\"03f00bd\" data-element_type=\"widget\" data-widget_type=\"heading.default\">\n\t\t\t\t<div class=\"elementor-widget-container\">\n\t\t\t<style>\/*! elementor - v3.18.0 - 20-12-2023 *\/\n.elementor-heading-title{padding:0;margin:0;line-height:1}.elementor-widget-heading .elementor-heading-title[class*=elementor-size-]>a{color:inherit;font-size:inherit;line-height:inherit}.elementor-widget-heading .elementor-heading-title.elementor-size-small{font-size:15px}.elementor-widget-heading .elementor-heading-title.elementor-size-medium{font-size:19px}.elementor-widget-heading .elementor-heading-title.elementor-size-large{font-size:29px}.elementor-widget-heading .elementor-heading-title.elementor-size-xl{font-size:39px}.elementor-widget-heading .elementor-heading-title.elementor-size-xxl{font-size:59px}<\/style><p class=\"elementor-heading-title elementor-size-default\"> <p>En el coraz\u00f3n del P\u00e9rigord Negro, la lluvia no es un obst\u00e1culo, sino una oportunidad para descubrir otra cara de esta regi\u00f3n fascinante. Si est\u00e1s alojado en el <strong>Camping Maisonneuve<\/strong> y el cielo se nubla, no te preocupes: entre cuevas espectaculares, castillos hist\u00f3ricos, museos apasionantes y momentos acogedores en el camping, hay mucho por hacer. <\/p><\/p>\t\t<\/div>\n\t\t\t\t<\/div>\n\t\t\t\t\t<\/div>\n\t\t<\/div>\n\t\t\t\t\t\t\t<\/div>\n\t\t<\/section>\n\t\t\t\t<section class=\"elementor-section elementor-top-section elementor-element elementor-element-b2344ff elementor-section-gap-beside-no elementor-section-boxed elementor-section-height-default elementor-section-height-default elementor-section-column-vertical-align-stretch\" data-id=\"b2344ff\" data-element_type=\"section\">\n\t\t\t\t\t\t<div class=\"elementor-container elementor-column-gap-extended\">\n\t\t\t\t\t<div class=\"elementor-column elementor-col-50 elementor-top-column elementor-element elementor-element-4698ec8\" data-id=\"4698ec8\" data-element_type=\"column\">\n\t\t\t<div class=\"elementor-widget-wrap elementor-element-populated\">\n\t\t\t\t\t\t\t\t<div class=\"elementor-element elementor-element-88e5290 elementor-invisible nuss-elementor-loading nuss-slide-in-right elementor-widget elementor-widget-image\" data-id=\"88e5290\" data-element_type=\"widget\" data-settings=\"{&quot;_animation&quot;:&quot;nussSlideInRight&quot;}\" data-widget_type=\"image.default\">\n\t\t\t\t<div class=\"elementor-widget-container\">\n\t\t\t<style>\/*! elementor - v3.18.0 - 20-12-2023 *\/\n.elementor-widget-image{text-align:center}.elementor-widget-image a{display:inline-block}.elementor-widget-image a img[src$=\".svg\"]{width:48px}.elementor-widget-image img{vertical-align:middle;display:inline-block}<\/style>\t\t\t\t\t\t\t\t\t\t\t\t<img fetchpriority=\"high\" decoding=\"async\" width=\"640\" height=\"480\" src=\"https:\/\/campingmaisonneuve.com\/60ans\/wp-content\/uploads\/2025\/06\/img6-11.jpg\" class=\"attachment-full size-full wp-image-9017\" alt=\"\" srcset=\"https:\/\/campingmaisonneuve.com\/60ans\/wp-content\/uploads\/2025\/06\/img6-11.jpg 640w, https:\/\/campingmaisonneuve.com\/60ans\/wp-content\/uploads\/2025\/06\/img6-11-300x225.jpg 300w\" sizes=\"(max-width: 640px) 100vw, 640px\" \/>\t\t\t\t\t\t\t\t\t\t\t\t\t\t\t<\/div>\n\t\t\t\t<\/div>\n\t\t\t\t\t<\/div>\n\t\t<\/div>\n\t\t\t\t<div class=\"elementor-column elementor-col-50 elementor-top-column elementor-element elementor-element-4b9e677\" data-id=\"4b9e677\" data-element_type=\"column\">\n\t\t\t<div class=\"elementor-widget-wrap elementor-element-populated\">\n\t\t\t\t\t\t\t\t<div class=\"elementor-element elementor-element-f222aa6 elementor-invisible elementor-widget elementor-widget-nuss-heading\" data-id=\"f222aa6\" data-element_type=\"widget\" data-settings=\"{&quot;_animation&quot;:&quot;nussFadeInUp&quot;}\" data-widget_type=\"nuss-heading.default\">\n\t\t\t\t<div class=\"elementor-widget-container\">\n\t\t\t\t\t<div class=\"nuss-modern-heading\">\n\t\t\t\n\t\t\t\t\t<div class=\"heading-primary-wrap\">\n\t\t\t<span class=\"heading-primary elementor-heading-title\">Maravillas subterr\u00e1neas para refugiarse<\/span>\t\t<\/div>\n\t\t\n\t\t\t\n\t\t\t\t\t<\/div>\n\t\t\t\t<\/div>\n\t\t\t\t<\/div>\n\t\t\t\t<div class=\"elementor-element elementor-element-fd82a54 elementor-invisible elementor-widget elementor-widget-heading\" data-id=\"fd82a54\" data-element_type=\"widget\" data-settings=\"{&quot;_animation&quot;:&quot;nussFadeInUp&quot;}\" data-widget_type=\"heading.default\">\n\t\t\t\t<div class=\"elementor-widget-container\">\n\t\t\t<h3 class=\"elementor-heading-title elementor-size-default\">y asombrarse<\/h3>\t\t<\/div>\n\t\t\t\t<\/div>\n\t\t\t\t<div class=\"elementor-element elementor-element-bc0b7e2 elementor-invisible elementor-widget elementor-widget-text-editor\" data-id=\"bc0b7e2\" data-element_type=\"widget\" data-settings=\"{&quot;_animation&quot;:&quot;nussFadeInUp&quot;}\" data-widget_type=\"text-editor.default\">\n\t\t\t\t<div class=\"elementor-widget-container\">\n\t\t\t\t\t\t\t<p>\n    Los d\u00edas lluviosos son perfectos para visitar las cuevas de la regi\u00f3n. A tan solo 25 minutos en coche, el <strong>Gouffre de Proumeyssac<\/strong>, conocido como \u00abla catedral de cristal\u00bb, te ofrece una experiencia inolvidable con formaciones rocosas impresionantes y una bajada panor\u00e1mica opcional.\n  <\/p>\n  <p>\n    Un poco m\u00e1s lejos, <strong>Lascaux IV<\/strong> en Montignac te transporta a la prehistoria con r\u00e9plicas exactas, exposiciones interactivas y una inmersi\u00f3n total en el arte rupestre.\n  <\/p>\n  <p>\n    Tambi\u00e9n puedes explorar las <strong>cuevas de Domme<\/strong>, situadas bajo las calles del pintoresco pueblo, a solo 15 minutos del camping.\n  <\/p>\t\t\t\t\t\t<\/div>\n\t\t\t\t<\/div>\n\t\t\t\t\t<\/div>\n\t\t<\/div>\n\t\t\t\t\t\t\t<\/div>\n\t\t<\/section>\n\t\t\t\t<section class=\"elementor-section elementor-top-section elementor-element elementor-element-575fc68 elementor-section-gap-beside-no elementor-section-boxed elementor-section-height-default elementor-section-height-default elementor-section-column-vertical-align-stretch\" data-id=\"575fc68\" data-element_type=\"section\">\n\t\t\t\t\t\t<div class=\"elementor-container elementor-column-gap-extended\">\n\t\t\t\t\t<div class=\"elementor-column elementor-col-50 elementor-top-column elementor-element elementor-element-dd03a56\" data-id=\"dd03a56\" data-element_type=\"column\">\n\t\t\t<div class=\"elementor-widget-wrap elementor-element-populated\">\n\t\t\t\t\t\t\t\t<div class=\"elementor-element elementor-element-78ab5be elementor-invisible nuss-elementor-loading nuss-slide-in-right elementor-widget elementor-widget-image\" data-id=\"78ab5be\" data-element_type=\"widget\" data-settings=\"{&quot;_animation&quot;:&quot;nussSlideInRight&quot;}\" data-widget_type=\"image.default\">\n\t\t\t\t<div class=\"elementor-widget-container\">\n\t\t\t\t\t\t\t\t\t\t\t\t\t\t\t<img decoding=\"async\" width=\"1845\" height=\"1229\" src=\"https:\/\/campingmaisonneuve.com\/60ans\/wp-content\/uploads\/2025\/06\/2048.jpg\" class=\"attachment-full size-full wp-image-9012\" alt=\"\" srcset=\"https:\/\/campingmaisonneuve.com\/60ans\/wp-content\/uploads\/2025\/06\/2048.jpg 1845w, https:\/\/campingmaisonneuve.com\/60ans\/wp-content\/uploads\/2025\/06\/2048-300x200.jpg 300w, https:\/\/campingmaisonneuve.com\/60ans\/wp-content\/uploads\/2025\/06\/2048-1024x682.jpg 1024w, https:\/\/campingmaisonneuve.com\/60ans\/wp-content\/uploads\/2025\/06\/2048-768x512.jpg 768w, https:\/\/campingmaisonneuve.com\/60ans\/wp-content\/uploads\/2025\/06\/2048-1536x1023.jpg 1536w\" sizes=\"(max-width: 1845px) 100vw, 1845px\" \/>\t\t\t\t\t\t\t\t\t\t\t\t\t\t\t<\/div>\n\t\t\t\t<\/div>\n\t\t\t\t\t<\/div>\n\t\t<\/div>\n\t\t\t\t<div class=\"elementor-column elementor-col-50 elementor-top-column elementor-element elementor-element-364a6b2\" data-id=\"364a6b2\" data-element_type=\"column\">\n\t\t\t<div class=\"elementor-widget-wrap elementor-element-populated\">\n\t\t\t\t\t\t\t\t<div class=\"elementor-element elementor-element-f9f80f6 elementor-invisible elementor-widget elementor-widget-nuss-heading\" data-id=\"f9f80f6\" data-element_type=\"widget\" data-settings=\"{&quot;_animation&quot;:&quot;nussFadeInUp&quot;}\" data-widget_type=\"nuss-heading.default\">\n\t\t\t\t<div class=\"elementor-widget-container\">\n\t\t\t\t\t<div class=\"nuss-modern-heading\">\n\t\t\t\n\t\t\t\t\t<div class=\"heading-primary-wrap\">\n\t\t\t<span class=\"heading-primary elementor-heading-title\">Castillos para viajar en el tiempo<\/span>\t\t<\/div>\n\t\t\n\t\t\t\n\t\t\t\t\t<\/div>\n\t\t\t\t<\/div>\n\t\t\t\t<\/div>\n\t\t\t\t<div class=\"elementor-element elementor-element-e60cb65 elementor-invisible elementor-widget elementor-widget-heading\" data-id=\"e60cb65\" data-element_type=\"widget\" data-settings=\"{&quot;_animation&quot;:&quot;nussFadeInUp&quot;}\" data-widget_type=\"heading.default\">\n\t\t\t\t<div class=\"elementor-widget-container\">\n\t\t\t<h3 class=\"elementor-heading-title elementor-size-default\">llueva o no<\/h3>\t\t<\/div>\n\t\t\t\t<\/div>\n\t\t\t\t<div class=\"elementor-element elementor-element-ccbb94d elementor-invisible elementor-widget elementor-widget-text-editor\" data-id=\"ccbb94d\" data-element_type=\"widget\" data-settings=\"{&quot;_animation&quot;:&quot;nussFadeInUp&quot;}\" data-widget_type=\"text-editor.default\">\n\t\t\t\t<div class=\"elementor-widget-container\">\n\t\t\t\t\t\t\t  <p>\n    El P\u00e9rigord es tierra de castillos, y muchos se pueden visitar c\u00f3modamente incluso bajo la lluvia. A pocos minutos a pie, el <strong>Castillo de Castelnaud-la-Chapelle<\/strong> ofrece una visita educativa y entretenida con armas medievales y maquetas interactivas.\n  <\/p>\n  <p>\n    A 10 minutos en coche, el <strong>Castillo de Milandes<\/strong>, antigua residencia de Jos\u00e9phine Baker, combina historia personal con elegancia arquitect\u00f3nica.\n  <\/p>\n  <p>\n    Para una experiencia m\u00e1s sobria, el <strong>Castillo de Beynac<\/strong> impone con sus muros de piedra y vistas panor\u00e1micas al r\u00edo Dordo\u00f1a.\n  <\/p>\t\t\t\t\t\t<\/div>\n\t\t\t\t<\/div>\n\t\t\t\t\t<\/div>\n\t\t<\/div>\n\t\t\t\t\t\t\t<\/div>\n\t\t<\/section>\n\t\t\t\t<section class=\"elementor-section elementor-top-section elementor-element elementor-element-53f6bc9 elementor-section-gap-beside-no elementor-section-boxed elementor-section-height-default elementor-section-height-default elementor-section-column-vertical-align-stretch\" data-id=\"53f6bc9\" data-element_type=\"section\">\n\t\t\t\t\t\t<div class=\"elementor-container elementor-column-gap-extended\">\n\t\t\t\t\t<div class=\"elementor-column elementor-col-50 elementor-top-column elementor-element elementor-element-aabc499\" data-id=\"aabc499\" data-element_type=\"column\">\n\t\t\t<div class=\"elementor-widget-wrap elementor-element-populated\">\n\t\t\t\t\t\t\t\t<div class=\"elementor-element elementor-element-bde7378 elementor-invisible nuss-elementor-loading nuss-slide-in-right elementor-widget elementor-widget-image\" data-id=\"bde7378\" data-element_type=\"widget\" data-settings=\"{&quot;_animation&quot;:&quot;nussSlideInRight&quot;}\" data-widget_type=\"image.default\">\n\t\t\t\t<div class=\"elementor-widget-container\">\n\t\t\t\t\t\t\t\t\t\t\t\t\t\t\t<img decoding=\"async\" width=\"1920\" height=\"1080\" src=\"https:\/\/campingmaisonneuve.com\/60ans\/wp-content\/uploads\/2025\/06\/pcu-musee-national-de-prehistoire-les-eyzies-aout22a-agence-urope-8-1920x1080-f50_50.webp\" class=\"attachment-full size-full wp-image-9022\" alt=\"\" srcset=\"https:\/\/campingmaisonneuve.com\/60ans\/wp-content\/uploads\/2025\/06\/pcu-musee-national-de-prehistoire-les-eyzies-aout22a-agence-urope-8-1920x1080-f50_50.webp 1920w, https:\/\/campingmaisonneuve.com\/60ans\/wp-content\/uploads\/2025\/06\/pcu-musee-national-de-prehistoire-les-eyzies-aout22a-agence-urope-8-1920x1080-f50_50-300x169.webp 300w, https:\/\/campingmaisonneuve.com\/60ans\/wp-content\/uploads\/2025\/06\/pcu-musee-national-de-prehistoire-les-eyzies-aout22a-agence-urope-8-1920x1080-f50_50-1024x576.webp 1024w, https:\/\/campingmaisonneuve.com\/60ans\/wp-content\/uploads\/2025\/06\/pcu-musee-national-de-prehistoire-les-eyzies-aout22a-agence-urope-8-1920x1080-f50_50-768x432.webp 768w, https:\/\/campingmaisonneuve.com\/60ans\/wp-content\/uploads\/2025\/06\/pcu-musee-national-de-prehistoire-les-eyzies-aout22a-agence-urope-8-1920x1080-f50_50-1536x864.webp 1536w\" sizes=\"(max-width: 1920px) 100vw, 1920px\" \/>\t\t\t\t\t\t\t\t\t\t\t\t\t\t\t<\/div>\n\t\t\t\t<\/div>\n\t\t\t\t\t<\/div>\n\t\t<\/div>\n\t\t\t\t<div class=\"elementor-column elementor-col-50 elementor-top-column elementor-element elementor-element-d0cd261\" data-id=\"d0cd261\" data-element_type=\"column\">\n\t\t\t<div class=\"elementor-widget-wrap elementor-element-populated\">\n\t\t\t\t\t\t\t\t<div class=\"elementor-element elementor-element-cecc7b4 elementor-invisible elementor-widget elementor-widget-nuss-heading\" data-id=\"cecc7b4\" data-element_type=\"widget\" data-settings=\"{&quot;_animation&quot;:&quot;nussFadeInUp&quot;}\" data-widget_type=\"nuss-heading.default\">\n\t\t\t\t<div class=\"elementor-widget-container\">\n\t\t\t\t\t<div class=\"nuss-modern-heading\">\n\t\t\t\n\t\t\t\t\t<div class=\"heading-primary-wrap\">\n\t\t\t<span class=\"heading-primary elementor-heading-title\">Museos fascinantes <\/span>\t\t<\/div>\n\t\t\n\t\t\t\n\t\t\t\t\t<\/div>\n\t\t\t\t<\/div>\n\t\t\t\t<\/div>\n\t\t\t\t<div class=\"elementor-element elementor-element-1106c74 elementor-invisible elementor-widget elementor-widget-heading\" data-id=\"1106c74\" data-element_type=\"widget\" data-settings=\"{&quot;_animation&quot;:&quot;nussFadeInUp&quot;}\" data-widget_type=\"heading.default\">\n\t\t\t\t<div class=\"elementor-widget-container\">\n\t\t\t<h3 class=\"elementor-heading-title elementor-size-default\">para los curioses<\/h3>\t\t<\/div>\n\t\t\t\t<\/div>\n\t\t\t\t<div class=\"elementor-element elementor-element-558324d elementor-invisible elementor-widget elementor-widget-text-editor\" data-id=\"558324d\" data-element_type=\"widget\" data-settings=\"{&quot;_animation&quot;:&quot;nussFadeInUp&quot;}\" data-widget_type=\"text-editor.default\">\n\t\t\t\t<div class=\"elementor-widget-container\">\n\t\t\t\t\t\t\t<p>\n    Cuando llueve, es un buen momento para descubrir la riqueza cultural local. En Les Eyzies, el <strong>Museo Nacional de Prehistoria<\/strong> alberga piezas \u00fanicas encontradas en las cuevas cercanas.\n  <\/p>\n  <p>\n    Cerca de all\u00ed, el <strong>Centro Internacional de la Prehistoria<\/strong> es gratuito y ideal para familias con ni\u00f1os.\n  <\/p>\n  <p>\n    A solo unos minutos del camping, el <strong>Ecomuseo de la Nuez<\/strong> en Castelnaud-la-Chapelle ofrece una experiencia interactiva, con degustaciones incluidas.\n  <\/p>\t\t\t\t\t\t<\/div>\n\t\t\t\t<\/div>\n\t\t\t\t\t<\/div>\n\t\t<\/div>\n\t\t\t\t\t\t\t<\/div>\n\t\t<\/section>\n\t\t\t\t<section class=\"elementor-section elementor-top-section elementor-element elementor-element-9021703 elementor-section-gap-beside-no elementor-section-boxed elementor-section-height-default elementor-section-height-default elementor-section-column-vertical-align-stretch\" data-id=\"9021703\" data-element_type=\"section\">\n\t\t\t\t\t\t<div class=\"elementor-container elementor-column-gap-extended\">\n\t\t\t\t\t<div class=\"elementor-column elementor-col-50 elementor-top-column elementor-element elementor-element-9335b1d\" data-id=\"9335b1d\" data-element_type=\"column\">\n\t\t\t<div class=\"elementor-widget-wrap elementor-element-populated\">\n\t\t\t\t\t\t\t\t<div class=\"elementor-element elementor-element-0987e37 elementor-invisible nuss-elementor-loading nuss-slide-in-right elementor-widget elementor-widget-image\" data-id=\"0987e37\" data-element_type=\"widget\" data-settings=\"{&quot;_animation&quot;:&quot;nussSlideInRight&quot;}\" data-widget_type=\"image.default\">\n\t\t\t\t<div class=\"elementor-widget-container\">\n\t\t\t\t\t\t\t\t\t\t\t\t\t\t\t<img loading=\"lazy\" decoding=\"async\" width=\"1408\" height=\"640\" src=\"https:\/\/campingmaisonneuve.com\/60ans\/wp-content\/uploads\/2025\/06\/20250605_0051_image.png\" class=\"attachment-full size-full wp-image-9027\" alt=\"\" srcset=\"https:\/\/campingmaisonneuve.com\/60ans\/wp-content\/uploads\/2025\/06\/20250605_0051_image.png 1408w, https:\/\/campingmaisonneuve.com\/60ans\/wp-content\/uploads\/2025\/06\/20250605_0051_image-300x136.png 300w, https:\/\/campingmaisonneuve.com\/60ans\/wp-content\/uploads\/2025\/06\/20250605_0051_image-1024x465.png 1024w, https:\/\/campingmaisonneuve.com\/60ans\/wp-content\/uploads\/2025\/06\/20250605_0051_image-768x349.png 768w\" sizes=\"(max-width: 1408px) 100vw, 1408px\" \/>\t\t\t\t\t\t\t\t\t\t\t\t\t\t\t<\/div>\n\t\t\t\t<\/div>\n\t\t\t\t\t<\/div>\n\t\t<\/div>\n\t\t\t\t<div class=\"elementor-column elementor-col-50 elementor-top-column elementor-element elementor-element-5e304ff\" data-id=\"5e304ff\" data-element_type=\"column\">\n\t\t\t<div class=\"elementor-widget-wrap elementor-element-populated\">\n\t\t\t\t\t\t\t\t<div class=\"elementor-element elementor-element-5897a23 elementor-invisible elementor-widget elementor-widget-nuss-heading\" data-id=\"5897a23\" data-element_type=\"widget\" data-settings=\"{&quot;_animation&quot;:&quot;nussFadeInUp&quot;}\" data-widget_type=\"nuss-heading.default\">\n\t\t\t\t<div class=\"elementor-widget-container\">\n\t\t\t\t\t<div class=\"nuss-modern-heading\">\n\t\t\t\n\t\t\t\t\t<div class=\"heading-primary-wrap\">\n\t\t\t<span class=\"heading-primary elementor-heading-title\">Y en el campng,<\/span>\t\t<\/div>\n\t\t\n\t\t\t\n\t\t\t\t\t<\/div>\n\t\t\t\t<\/div>\n\t\t\t\t<\/div>\n\t\t\t\t<div class=\"elementor-element elementor-element-c7f13ea elementor-invisible elementor-widget elementor-widget-heading\" data-id=\"c7f13ea\" data-element_type=\"widget\" data-settings=\"{&quot;_animation&quot;:&quot;nussFadeInUp&quot;}\" data-widget_type=\"heading.default\">\n\t\t\t\t<div class=\"elementor-widget-container\">\n\t\t\t<h3 class=\"elementor-heading-title elementor-size-default\">\u00bfY qu\u00e9 hacer  si llueve?<\/h3>\t\t<\/div>\n\t\t\t\t<\/div>\n\t\t\t\t<div class=\"elementor-element elementor-element-607379a elementor-invisible elementor-widget elementor-widget-text-editor\" data-id=\"607379a\" data-element_type=\"widget\" data-settings=\"{&quot;_animation&quot;:&quot;nussFadeInUp&quot;}\" data-widget_type=\"text-editor.default\">\n\t\t\t\t<div class=\"elementor-widget-container\">\n\t\t\t\t\t\t\t  <p>\n    La lluvia tambi\u00e9n puede ser la excusa perfecta para desconectar. Disfruta de un buen libro en nuestra biblioteca o alquila un juego de mesa en el snack-bar. Prep\u00e1rate una bebida caliente, ponte c\u00f3modo y deja que el sonido de la lluvia te relaje.\n  <\/p>\t\t\t\t\t\t<\/div>\n\t\t\t\t<\/div>\n\t\t\t\t\t<\/div>\n\t\t<\/div>\n\t\t\t\t\t\t\t<\/div>\n\t\t<\/section>\n\t\t\t\t<section class=\"elementor-section elementor-top-section elementor-element elementor-element-569e251 elementor-section-stretched elementor-section-boxed elementor-section-gap-beside-yes elementor-section-height-default elementor-section-height-default elementor-section-column-vertical-align-stretch\" data-id=\"569e251\" data-element_type=\"section\" data-settings=\"{&quot;stretch_section&quot;:&quot;section-stretched&quot;,&quot;background_background&quot;:&quot;classic&quot;}\">\n\t\t\t\t\t\t<div class=\"elementor-container elementor-column-gap-extended\">\n\t\t\t\t\t<div class=\"elementor-column elementor-col-33 elementor-top-column elementor-element elementor-element-c24a1db\" data-id=\"c24a1db\" data-element_type=\"column\">\n\t\t\t<div class=\"elementor-widget-wrap elementor-element-populated\">\n\t\t\t\t\t\t\t\t<div class=\"elementor-element elementor-element-e42a725 elementor-widget__width-initial elementor-widget-mobile__width-initial elementor-widget elementor-widget-image\" data-id=\"e42a725\" data-element_type=\"widget\" data-widget_type=\"image.default\">\n\t\t\t\t<div class=\"elementor-widget-container\">\n\t\t\t\t\t\t\t\t\t\t\t\t\t\t\t<img loading=\"lazy\" decoding=\"async\" width=\"270\" height=\"262\" src=\"https:\/\/campingmaisonneuve.com\/60ans\/wp-content\/uploads\/2021\/06\/logos-camping-maisonneuve-footer1.png\" class=\"attachment-large size-large wp-image-5477\" alt=\"\" \/>\t\t\t\t\t\t\t\t\t\t\t\t\t\t\t<\/div>\n\t\t\t\t<\/div>\n\t\t\t\t\t<\/div>\n\t\t<\/div>\n\t\t\t\t<div class=\"elementor-column elementor-col-66 elementor-top-column elementor-element elementor-element-ce4b021\" data-id=\"ce4b021\" data-element_type=\"column\">\n\t\t\t<div class=\"elementor-widget-wrap elementor-element-populated\">\n\t\t\t\t\t\t\t\t<div class=\"elementor-element elementor-element-1645920 elementor-invisible elementor-widget elementor-widget-heading\" data-id=\"1645920\" data-element_type=\"widget\" data-settings=\"{&quot;_animation&quot;:&quot;nussFadeInUp&quot;}\" data-widget_type=\"heading.default\">\n\t\t\t\t<div class=\"elementor-widget-container\">\n\t\t\t<h3 class=\"elementor-heading-title elementor-size-default\">En resumen\u2026<\/h3>\t\t<\/div>\n\t\t\t\t<\/div>\n\t\t\t\t<div class=\"elementor-element elementor-element-597c927 elementor-widget__width-initial elementor-hidden-tablet elementor-hidden-mobile elementor-invisible elementor-widget elementor-widget-text-editor\" data-id=\"597c927\" data-element_type=\"widget\" data-settings=\"{&quot;_animation&quot;:&quot;nussFadeInUp&quot;}\" data-widget_type=\"text-editor.default\">\n\t\t\t\t<div class=\"elementor-widget-container\">\n\t\t\t\t\t\t\t<div class=\"e-con-inner\">\n<div class=\"elementor-element elementor-element-c573fa8 elementor-widget elementor-widget-html\" data-id=\"c573fa8\" data-element_type=\"widget\" data-widget_type=\"html.default\">\n<div class=\"elementor-widget-container\">\n\n<span style=\"color: #ffffff;\">  <p>\n    La lluvia en el P\u00e9rigord Negro no detiene la aventura: te abre la puerta a maravillas subterr\u00e1neas, fortalezas hist\u00f3ricas y momentos acogedores en el Camping Maisonneuve<\/span>\n\n<\/div>\n<\/div>\n<\/div>\t\t\t\t\t\t<\/div>\n\t\t\t\t<\/div>\n\t\t\t\t\t<\/div>\n\t\t<\/div>\n\t\t\t\t\t\t\t<\/div>\n\t\t<\/section>\n\t\t\t\t\t\t\t<\/div>\n\t\t","protected":false},"excerpt":{"rendered":"<p>Nuestras mejores ideas cerca del Camping Maisonneuve En el coraz\u00f3n del P\u00e9rigord Negro, la lluvia no es un obst\u00e1culo, sino una oportunidad para descubrir otra cara de esta regi\u00f3n fascinante. Si est\u00e1s alojado en el Camping Maisonneuve y el cielo se nubla, no te preocupes: entre cuevas espectaculares, castillos hist\u00f3ricos, museos apasionantes y momentos acogedores [&hellip;]<\/p>\n","protected":false},"author":1,"featured_media":0,"parent":0,"menu_order":0,"comment_status":"closed","ping_status":"closed","template":"","meta":{"footnotes":""},"class_list":["post-9068","page","type-page","status-publish","hentry","post-no-thumbnail"],"_links":{"self":[{"href":"https:\/\/campingmaisonneuve.com\/es\/wp-json\/wp\/v2\/pages\/9068","targetHints":{"allow":["GET"]}}],"collection":[{"href":"https:\/\/campingmaisonneuve.com\/es\/wp-json\/wp\/v2\/pages"}],"about":[{"href":"https:\/\/campingmaisonneuve.com\/es\/wp-json\/wp\/v2\/types\/page"}],"author":[{"embeddable":true,"href":"https:\/\/campingmaisonneuve.com\/es\/wp-json\/wp\/v2\/users\/1"}],"replies":[{"embeddable":true,"href":"https:\/\/campingmaisonneuve.com\/es\/wp-json\/wp\/v2\/comments?post=9068"}],"version-history":[{"count":6,"href":"https:\/\/campingmaisonneuve.com\/es\/wp-json\/wp\/v2\/pages\/9068\/revisions"}],"predecessor-version":[{"id":9101,"href":"https:\/\/campingmaisonneuve.com\/es\/wp-json\/wp\/v2\/pages\/9068\/revisions\/9101"}],"wp:attachment":[{"href":"https:\/\/campingmaisonneuve.com\/es\/wp-json\/wp\/v2\/media?parent=9068"}],"curies":[{"name":"wp","href":"https:\/\/api.w.org\/{rel}","templated":true}]}}